{"id":14,"date":"2017-05-16T22:12:18","date_gmt":"2017-05-16T20:12:18","guid":{"rendered":"https:\/\/www.autoars.pl\/?page_id=14"},"modified":"2025-01-25T16:26:55","modified_gmt":"2025-01-25T15:26:55","slug":"o-firmie","status":"publish","type":"page","link":"https:\/\/www.autoars.pl\/de\/o-firmie\/","title":{"rendered":"\u00dcber uns"},"content":{"rendered":"[vc_row][vc_column width=&#8221;2\/3&#8243;]\r\n\r\r\n<section class=\"why-us\">\r\r\n    <div class=\"auto-container\">\r\r\n        <div class=\"row clearfix\">\r\r\n        \r\r\n            <!--Text Content-->\r\r\n            <div class=\"text-content\">\r\r\n                <div class=\"title-box\">\r\r\n                    <h3>\u00dcber uns<\/h3>\r\r\n                    <h4 class=\"theme-color\">Erfahren Sie mehr \u00fcber unser Team und die Geschichte von Auto Ars<\/h4>\r\r\n                <\/div>\r\r\n                <div class=\"text\">\r\r\n                    <p><\/p>\r\r\n                <\/div>\r\r\n            <\/div>\r\r\n            \r\r\n        <\/div>\r\r\n    <\/div>    \r\r\n<\/section>\r\r\n\r\r\n[vc_column_text]Wir sind ein Team von Mechaniker und Spezialisten auf dem Bereich der Motorisierung.<\/p>\n<p>Von Anfang an bieten wir Service und Ersatzteile f\u00fcr alle Automarken. In der ersten Zeit unserer T\u00e4tigkeit haben wir uns vor allem auf den Service japanischer und amerikanischer Autos spezialisiert. Wir sind vor allem f\u00fcr die Reparatur von Fahrzeugen der Marken Land Rover, Jaguar, Porsche und BMW bekannt.<\/p>\n<p>Etwa die H\u00e4lfte des Teams sind Menschen mit mindestens 25 Jahren Erfahrung. Wir lernen st\u00e4ndig durch die Teilnahme an vielen Trainings pro Jahr.<\/p>\n<p>F\u00fcr unsere Zuverl\u00e4ssigkeit und Professionalit\u00e4t wurden wir mit dem Titel &#8220;<strong>Trustworthy Workshop<\/strong>&#8221; ausgezeichnet, der vom Verband der H\u00e4ndler und Ersatzteilhersteller verliehen wird.<\/p>\n<p>Unsere\u00a0Geschichte begann im Jahr 1991. Das erste Hauptquartier\u00a0befand sich in der\u00a0Reduty Ordona Strasse\u00a0in Szczecin. Leider gibt es keine Fotos aus dieser Zeit. Wir fanden das erste, noch getippte Flugblatt mit einer Reihe von Dienstleistungen! Sie k\u00f6nnen das an der Wand im Kundenservice Office sehen.<\/p>\n<p>Wir laden Sie ein, die Informationen auf unserer Website zu lesen und unsere Dienste zu nutzen.[\/vc_column_text][vc_empty_space][\/vc_column][vc_column width=&#8221;1\/3&#8243;][vc_single_image image=&#8221;483&#8243; img_size=&#8221;large&#8221;][vc_empty_space][\/vc_column][\/vc_row][vc_row][vc_column]\r\n   \r\n\r\n   \r\n\r\n\r\n\r\n<!--Our Gallery-->\r\n\r\n    <section class=\"gallery-section\">\r\n\r\n\t\t<div class=\"auto-container\">\r\n\r\n            \r\n\r\n            <div class=\"sec-title\">\r\n\r\n                <h3>Bildergalerie<\/h3>\r\n\r\n            <\/div>\r\n\r\n            \r\n\r\n            <!--Carousel-->\r\n\r\n        \t<div class=\"gallery-slider column-carousel four-column\">\r\n\r\n            \t\r\n\r\n                \r\n                \r\n                <article class=\"slide-item\">\r\n\r\n                \t<figure class=\"image-box\"><a href=\"\" class=\"lightbox-image\" title=\"Zdj\u0119cie warsztatu 1\"><img width=\"269\" height=\"230\" src=\"https:\/\/www.autoars.pl\/wp-content\/uploads\/2025\/01\/serwis-samochodowy-auto-ars-hala-serwisowa-269x230.jpg\" class=\"attachment-carshire2 size-carshire2 wp-post-image\" alt=\"Hala serwisowa w warsztacie Auto Ars w Szczecinie\" loading=\"lazy\" \/><\/a><\/figure>\r\n\r\n                    <a href=\"https:\/\/www.autoars.pl\/wp-content\/uploads\/2025\/01\/serwis-samochodowy-auto-ars-hala-serwisowa.jpg\" class=\"overlay lightbox-image\" title=\"Zdj\u0119cie warsztatu 1\"><\/a>\r\n\r\n                    <div class=\"item-caption\">\r\n\r\n                    \t<h4><strong>Zdj\u0119cie warsztatu 1<\/strong><\/h4>\r\n\r\n                        <p><\/p>\r\n\r\n                    <\/div>\r\n\r\n                <\/article>\r\n\r\n                \r\n\r\n                \r\n                \r\n                <article class=\"slide-item\">\r\n\r\n                \t<figure class=\"image-box\"><a href=\"\" class=\"lightbox-image\" title=\"Zdj\u0119cie warsztatu 2\"><img width=\"269\" height=\"230\" src=\"https:\/\/www.autoars.pl\/wp-content\/uploads\/2017\/06\/warsztat2-269x230.jpg\" class=\"attachment-carshire2 size-carshire2 wp-post-image\" alt=\"Hala warsztatowa i podno\u015bniki w Auto Ars\" loading=\"lazy\" \/><\/a><\/figure>\r\n\r\n                    <a href=\"https:\/\/www.autoars.pl\/wp-content\/uploads\/2017\/06\/warsztat2.jpg\" class=\"overlay lightbox-image\" title=\"Zdj\u0119cie warsztatu 2\"><\/a>\r\n\r\n                    <div class=\"item-caption\">\r\n\r\n                    \t<h4><strong>Zdj\u0119cie warsztatu 2<\/strong><\/h4>\r\n\r\n                        <p><\/p>\r\n\r\n                    <\/div>\r\n\r\n                <\/article>\r\n\r\n                \r\n\r\n                \r\n                \r\n                <article class=\"slide-item\">\r\n\r\n                \t<figure class=\"image-box\"><a href=\"\" class=\"lightbox-image\" title=\"Zdj\u0119cie warsztatu 3\"><img width=\"269\" height=\"230\" src=\"https:\/\/www.autoars.pl\/wp-content\/uploads\/2017\/06\/warsztat3-269x230.jpg\" class=\"attachment-carshire2 size-carshire2 wp-post-image\" alt=\"Hala warsztatowa w Auto Ars\" loading=\"lazy\" \/><\/a><\/figure>\r\n\r\n                    <a href=\"https:\/\/www.autoars.pl\/wp-content\/uploads\/2017\/06\/warsztat3.jpg\" class=\"overlay lightbox-image\" title=\"Zdj\u0119cie warsztatu 3\"><\/a>\r\n\r\n                    <div class=\"item-caption\">\r\n\r\n                    \t<h4><strong>Zdj\u0119cie warsztatu 3<\/strong><\/h4>\r\n\r\n                        <p><\/p>\r\n\r\n                    <\/div>\r\n\r\n                <\/article>\r\n\r\n                \r\n\r\n                \r\n                \r\n                <article class=\"slide-item\">\r\n\r\n                \t<figure class=\"image-box\"><a href=\"\" class=\"lightbox-image\" title=\"Zdj\u0119cie warsztatu 4\"><img width=\"269\" height=\"230\" src=\"https:\/\/www.autoars.pl\/wp-content\/uploads\/2017\/06\/warsztat4-269x230.jpg\" class=\"attachment-carshire2 size-carshire2 wp-post-image\" alt=\"Honda Ridgeline - serwis klimatyzacji w Auto Ars\" loading=\"lazy\" \/><\/a><\/figure>\r\n\r\n                    <a href=\"https:\/\/www.autoars.pl\/wp-content\/uploads\/2017\/06\/warsztat4.jpg\" class=\"overlay lightbox-image\" title=\"Zdj\u0119cie warsztatu 4\"><\/a>\r\n\r\n                    <div class=\"item-caption\">\r\n\r\n                    \t<h4><strong>Zdj\u0119cie warsztatu 4<\/strong><\/h4>\r\n\r\n                        <p><\/p>\r\n\r\n                    <\/div>\r\n\r\n                <\/article>\r\n\r\n                \r\n\r\n                \r\n                \r\n\r\n            <\/div>\r\n\r\n            \r\n\r\n        <\/div>    \r\n\r\n    <\/section>\r\n\r\n\r\n\r\n\r\n\r\n\r\n[\/vc_column][\/vc_row]","protected":false},"excerpt":{"rendered":"<p>[vc_row][vc_column width=&#8221;2\/3&#8243;][vc_column_text]Wir sind ein Team von Mechaniker und Spezialisten auf dem Bereich der Motorisierung. Von Anfang an bieten wir Service und Ersatzteile f\u00fcr alle Automarken. In der ersten Zeit unserer T\u00e4tigkeit haben wir uns vor allem auf den Service japanischer und amerikanischer Autos spezialisiert. Wir sind vor allem f\u00fcr die Reparatur von Fahrzeugen der Marken<\/p>\n","protected":false},"author":1,"featured_media":491,"parent":0,"menu_order":0,"comment_status":"closed","ping_status":"closed","template":"","meta":[],"_links":{"self":[{"href":"https:\/\/www.autoars.pl\/de\/wp-json\/wp\/v2\/pages\/14"}],"collection":[{"href":"https:\/\/www.autoars.pl\/de\/wp-json\/wp\/v2\/pages"}],"about":[{"href":"https:\/\/www.autoars.pl\/de\/wp-json\/wp\/v2\/types\/page"}],"author":[{"embeddable":true,"href":"https:\/\/www.autoars.pl\/de\/wp-json\/wp\/v2\/users\/1"}],"replies":[{"embeddable":true,"href":"https:\/\/www.autoars.pl\/de\/wp-json\/wp\/v2\/comments?post=14"}],"version-history":[{"count":21,"href":"https:\/\/www.autoars.pl\/de\/wp-json\/wp\/v2\/pages\/14\/revisions"}],"predecessor-version":[{"id":1669,"href":"https:\/\/www.autoars.pl\/de\/wp-json\/wp\/v2\/pages\/14\/revisions\/1669"}],"wp:featuredmedia":[{"embeddable":true,"href":"https:\/\/www.autoars.pl\/de\/wp-json\/wp\/v2\/media\/491"}],"wp:attachment":[{"href":"https:\/\/www.autoars.pl\/de\/wp-json\/wp\/v2\/media?parent=14"}],"curies":[{"name":"wp","href":"https:\/\/api.w.org\/{rel}","templated":true}]}}