{"id":181,"date":"2017-06-11T12:11:05","date_gmt":"2017-06-11T10:11:05","guid":{"rendered":"https:\/\/www.autoars.pl\/?page_id=181"},"modified":"2018-05-27T14:10:54","modified_gmt":"2018-05-27T12:10:54","slug":"polityka-prywatnosci","status":"publish","type":"page","link":"https:\/\/www.autoars.pl\/de\/polityka-prywatnosci\/","title":{"rendered":"Datenschutzinformation"},"content":{"rendered":"[vc_row][vc_column width=&#8221;2\/3&#8243;]\r\n\r\r\n<section class=\"why-us\">\r\r\n    <div class=\"auto-container\">\r\r\n        <div class=\"row clearfix\">\r\r\n        \r\r\n            <!--Text Content-->\r\r\n            <div class=\"text-content\">\r\r\n                <div class=\"title-box\">\r\r\n                    <h3>Datenschutzinformation<\/h3>\r\r\n                    <h4 class=\"theme-color\"><\/h4>\r\r\n                <\/div>\r\r\n                <div class=\"text\">\r\r\n                    <p><\/p>\r\r\n                <\/div>\r\r\n            <\/div>\r\r\n            \r\r\n        <\/div>\r\r\n    <\/div>    \r\r\n<\/section>\r\r\n\r\r\n[vc_column_text]Die Website sammelt nicht automatisch Informationen, au\u00dfer f\u00fcr die in den Cookie-Dateien enthaltenen Informationen. Cookie-Dateien (&#8220;Cookies&#8221;) sind IT-Daten, insbesondere Textdateien, die im Endger\u00e4t des Website-Nutzers gespeichert sind und zur Nutzung der Website bestimmt sind. Cookies enthalten in der Regel den Namen der Website, von der sie stammen, ihre Speicherzeit auf dem Endger\u00e4t und eine eindeutige Nummer. Das Unternehmen, das Cookies auf dem Endger\u00e4t des Website-Nutzers platziert und Zugriff darauf hat, ist der Betreiber der Website.<\/p>\n<p>Cookies werden verwendet um:<\/p>\n<p>&#8211; Anpassung des Inhalts der Website an die Pr\u00e4ferenzen des Nutzers und Optimierung der Nutzung von Websites; insbesondere erm\u00f6glichen diese Dateien, das Ger\u00e4t des Nutzers der Website zu erkennen und die Website entsprechend seinen individuellen Bed\u00fcrfnissen anzuzeigen;<\/p>\n<p>&#8211; Erstellen von Statistiken, die helfen zu verstehen, wie die Service-Benutzer Websites verwenden, wodurch die Struktur der Website und ihr Inhalt verbessert werden k\u00f6nnen;<\/p>\n<p>Die Website verwendet zwei grundlegende Arten von Cookies:<\/p>\n<p>&#8211; Session-Cookies<\/p>\n<p>&#8211; &#8220;permanent&#8221; (persistent Cookies).<\/p>\n<p>Session-Cookies sind tempor\u00e4re Dateien, die auf dem Endger\u00e4t des Nutzers gespeichert werden, bis sie sich abmelden, die Website verlassen oder die Software (Web-Browser) ausschalten. Permanente Cookies werden f\u00fcr die in den Cookie-Datei-Parametern angegebene Zeit auf dem Ger\u00e4t des Benutzers gespeichert oder bis sie vom Benutzer gel\u00f6scht werden.<\/p>\n<p>Die Website verwendet die folgenden Arten von Cookies:<\/p>\n<p>&#8211; &#8220;notwendige&#8221; Cookies, die die Nutzung der auf der Website verf\u00fcgbaren Dienste erm\u00f6glichen, z. B. Authentifizierungscookies, die f\u00fcr Dienste verwendet werden, f\u00fcr die eine Authentifizierung auf der Website erforderlich ist; Cookies zur Gew\u00e4hrleistung der Sicherheit, zum Beispiel zur Erkennung von Betrug im Bereich der Authentifizierung auf der Website;<\/p>\n<p>&#8211; &#8220;Leistungs&#8221; -Cookies, die das Sammeln von Informationen \u00fcber die Nutzung von Webseiten erm\u00f6glichen;<\/p>\n<p>&#8211; &#8220;funktionelle&#8221; Cookies, die das &#8220;Erinnerung&#8221; der vom Benutzer gew\u00e4hlten Einstellungen und die Personalisierung der Benutzerschnittstelle erm\u00f6glichen, beispielsweise im Bereich der ausgew\u00e4hlten Sprache oder Region des Benutzers, Schriftgr\u00f6\u00dfe, Aussehen der Website usw .;<\/p>\n<p>&#8211; &#8220;Werbe&#8221; -Cookies, die die Bereitstellung von Werbeinhalten f\u00fcr die Nutzer erm\u00f6glichen, die besser auf ihre Interessen zugeschnitten sind.<\/p>\n<p>In vielen F\u00e4llen erm\u00f6glicht die zum Browsen von Websites verwendete Software (Webbrowser), dass Cookies standardm\u00e4\u00dfig auf dem Ger\u00e4t des Benutzers gespeichert werden. Website-Benutzer k\u00f6nnen ihre Cookie-Einstellungen jederzeit \u00e4ndern. Diese Einstellungen k\u00f6nnen insbesondere so ver\u00e4ndert werden, dass die automatische Behandlung von Cookies in den Einstellungen des Webbrowsers blockiert wird oder diese \u00fcber jeden Eintrag im Ger\u00e4t des Webseitenbenutzers informiert werden. Detaillierte Informationen zu den M\u00f6glichkeiten und M\u00f6glichkeiten des Umgangs mit Cookies finden Sie in den Einstellungen der Software (Webbrowser).<\/p>\n<p>Der Betreiber der Website informiert, dass Einschr\u00e4nkungen der Verwendung von Cookies einige der auf der Website verf\u00fcgbaren Funktionen beeintr\u00e4chtigen k\u00f6nnen.<\/p>\n<p>Cookies, die auf dem Endger\u00e4t des Website-Nutzers platziert werden, k\u00f6nnen auch von Werbetreibenden und Partnern verwendet werden, die mit dem Website-Betreiber zusammenarbeiten. Weitere Informationen zu Cookies finden Sie im Bereich &#8220;Hilfe&#8221; im Men\u00fc des Browsers.[\/vc_column_text][\/vc_column][vc_column width=&#8221;1\/3&#8243;][\/vc_column][\/vc_row]","protected":false},"excerpt":{"rendered":"<p>[vc_row][vc_column width=&#8221;2\/3&#8243;][vc_column_text]Die Website sammelt nicht automatisch Informationen, au\u00dfer f\u00fcr die in den Cookie-Dateien enthaltenen Informationen. Cookie-Dateien (&#8220;Cookies&#8221;) sind IT-Daten, insbesondere Textdateien, die im Endger\u00e4t des Website-Nutzers gespeichert sind und zur Nutzung der Website bestimmt sind. Cookies enthalten in der Regel den Namen der Website, von der sie stammen, ihre Speicherzeit auf dem Endger\u00e4t und eine<\/p>\n","protected":false},"author":1,"featured_media":0,"parent":0,"menu_order":0,"comment_status":"closed","ping_status":"closed","template":"","meta":[],"_links":{"self":[{"href":"https:\/\/www.autoars.pl\/de\/wp-json\/wp\/v2\/pages\/181"}],"collection":[{"href":"https:\/\/www.autoars.pl\/de\/wp-json\/wp\/v2\/pages"}],"about":[{"href":"https:\/\/www.autoars.pl\/de\/wp-json\/wp\/v2\/types\/page"}],"author":[{"embeddable":true,"href":"https:\/\/www.autoars.pl\/de\/wp-json\/wp\/v2\/users\/1"}],"replies":[{"embeddable":true,"href":"https:\/\/www.autoars.pl\/de\/wp-json\/wp\/v2\/comments?post=181"}],"version-history":[{"count":3,"href":"https:\/\/www.autoars.pl\/de\/wp-json\/wp\/v2\/pages\/181\/revisions"}],"predecessor-version":[{"id":1085,"href":"https:\/\/www.autoars.pl\/de\/wp-json\/wp\/v2\/pages\/181\/revisions\/1085"}],"wp:attachment":[{"href":"https:\/\/www.autoars.pl\/de\/wp-json\/wp\/v2\/media?parent=181"}],"curies":[{"name":"wp","href":"https:\/\/api.w.org\/{rel}","templated":true}]}}