{"id":20,"date":"2017-05-16T22:14:15","date_gmt":"2017-05-16T20:14:15","guid":{"rendered":"https:\/\/www.autoars.pl\/?page_id=20"},"modified":"2018-09-24T20:41:19","modified_gmt":"2018-09-24T18:41:19","slug":"oferta-dla-firm","status":"publish","type":"page","link":"https:\/\/www.autoars.pl\/de\/oferta-dla-firm\/","title":{"rendered":"Autoflotten"},"content":{"rendered":"[vc_row][vc_column width=&#8221;1\/2&#8243;]\r\n\r\r\n<section class=\"why-us\">\r\r\n    <div class=\"auto-container\">\r\r\n        <div class=\"row clearfix\">\r\r\n        \r\r\n            <!--Text Content-->\r\r\n            <div class=\"text-content\">\r\r\n                <div class=\"title-box\">\r\r\n                    <h3>Autoflotten<\/h3>\r\r\n                    <h4 class=\"theme-color\">Dienstleistungen f\u00fcr das Unternehmen<\/h4>\r\r\n                <\/div>\r\r\n                <div class=\"text\">\r\r\n                    <p><\/p>\r\r\n                <\/div>\r\r\n            <\/div>\r\r\n            \r\r\n        <\/div>\r\r\n    <\/div>    \r\r\n<\/section>\r\r\n\r\r\n[vc_column_text]Seit 2000 spezialisieren wir uns auf umfassende Dienstleistungen f\u00fcr kleine und mittlere Firmenflotten.<\/p>\n<p>Im Folgenden stellen wir Ihnen das Angebot unseres Service-Centers im Bereich Wartung und Reparatur von Personenwagen und Transportern vor, die in Ihrem Unternehmen eingesetzt werden. Im Rahmen der st\u00e4ndigen Zusammenarbeit bietet unser Autoservice unter anderem:<br \/>\n1. regelm\u00e4\u00dfige Check-ups<br \/>\n2. Reparaturen,<br \/>\n3. Reifenwechsel,<br \/>\n4. Klimaanlagenservice,<br \/>\n5. Reparaturen im Bereich Autoelektronik und Elektromechanik,<\/p>\n<p>&#8230;und andere Dienstleistungen.<\/p>\n<p>Um einen effizienteren Service Ihres Unternehmens nach der Zusammenarbeit zu gew\u00e4hrleisten, werden wir eine Person aus dem\u00a0Kundendienst f\u00fcr die Kontaktaufnahme und Pflege Ihrer Autos einsetzen.<\/p>\n<p>Wir bieten spezielle Rabatte f\u00fcr Unternehmen, die st\u00e4ndig unsere Dienstleistungen nutzen: 10% f\u00fcr Ersatzteile und Reparaturen.<\/p>\n<p>Nach Erhalt Ihrer Daten bez\u00fcglich der Fahrzeugflotte (Art und Kapazit\u00e4t der Motoren), senden wir Ihnen ein detailliertes Angebot mit:<br \/>\n1. Kosten der wiederkehrenden Pr\u00fcfungen,<br \/>\n2. Preise f\u00fcr vorbildliche Reparaturen,<br \/>\n3. Preise der am h\u00e4ufigsten verwendeten Ersatzteile,<br \/>\n4. Zahlungsbedingungen.[\/vc_column_text][\/vc_column][vc_column width=&#8221;1\/2&#8243;]   \r\n   \r\n<!-- Services -->\r\n<section class=\"why-us\">\r\n    <div class=\"row clearfix\">\r\n    \r\n        <!--Tabs Side-->\r\n        <div class=\"col-xs-12\">\r\n            <div class=\"row clearfix\">\r\n                \r\n                 \r\n                \r\n                <div class=\"col-md-6 col-sm-6 col-xs-12 wow fadeInUp box\" data-wow-delay=\"0ms\" data-wow-duration=\"1000ms\">\r\n\t\t\t\t\t<a href=\"\/de\/serwis\/\" class=\"tab-link\">\r\n\t\t\t\t\t\t<div class=\"icon\"><span class=\"flaticon-repair1\"><\/span><\/div>\r\n\t\t\t\t\t\t<h4><strong>Diagnostik<\/strong><\/h4>\r\n\t\t\t\t\t\t<p><\/p><span class=\"arrow fa fa-angle-right\"><\/span>\r\n\t\t\t\t\t<\/a>\r\n\t\t\t\t\t<\/div>\r\n            \r\n                 \r\n                \r\n                <div class=\"col-md-6 col-sm-6 col-xs-12 wow fadeInUp box\" data-wow-delay=\"0ms\" data-wow-duration=\"1000ms\">\r\n\t\t\t\t\t<a href=\"\/de\/serwis\/\" class=\"tab-link\">\r\n\t\t\t\t\t\t<div class=\"icon\"><span class=\"flaticon-cars48\"><\/span><\/div>\r\n\t\t\t\t\t\t<h4><strong>Wartungsdienst<\/strong><\/h4>\r\n\t\t\t\t\t\t<p><\/p><span class=\"arrow fa fa-angle-right\"><\/span>\r\n\t\t\t\t\t<\/a>\r\n\t\t\t\t\t<\/div>\r\n            \r\n                 \r\n                \r\n                <div class=\"col-md-6 col-sm-6 col-xs-12 wow fadeInUp box\" data-wow-delay=\"0ms\" data-wow-duration=\"1000ms\">\r\n\t\t\t\t\t<a href=\"\/de\/serwis\/\" class=\"tab-link\">\r\n\t\t\t\t\t\t<div class=\"icon\"><span class=\"fa fa-code-fork\"><\/span><\/div>\r\n\t\t\t\t\t\t<h4><strong>Auto-Elektronik und Auto-Elektrik<\/strong><\/h4>\r\n\t\t\t\t\t\t<p><\/p><span class=\"arrow fa fa-angle-right\"><\/span>\r\n\t\t\t\t\t<\/a>\r\n\t\t\t\t\t<\/div>\r\n            \r\n                 \r\n                \r\n                <div class=\"col-md-6 col-sm-6 col-xs-12 wow fadeInUp box\" data-wow-delay=\"0ms\" data-wow-duration=\"1000ms\">\r\n\t\t\t\t\t<a href=\"\/de\/serwis\/\" class=\"tab-link\">\r\n\t\t\t\t\t\t<div class=\"icon\"><span class=\"flaticon-speed12\"><\/span><\/div>\r\n\t\t\t\t\t\t<h4><strong>Chip Tuning<\/strong><\/h4>\r\n\t\t\t\t\t\t<p><\/p><span class=\"arrow fa fa-angle-right\"><\/span>\r\n\t\t\t\t\t<\/a>\r\n\t\t\t\t\t<\/div>\r\n            \r\n                 \r\n                \r\n                <div class=\"col-md-6 col-sm-6 col-xs-12 wow fadeInUp box\" data-wow-delay=\"0ms\" data-wow-duration=\"1000ms\">\r\n\t\t\t\t\t<a href=\"\/de\/serwis\/\" class=\"tab-link\">\r\n\t\t\t\t\t\t<div class=\"icon\"><span class=\"flaticon-cool6\"><\/span><\/div>\r\n\t\t\t\t\t\t<h4><strong>Klimaanlagenservice<\/strong><\/h4>\r\n\t\t\t\t\t\t<p><\/p><span class=\"arrow fa fa-angle-right\"><\/span>\r\n\t\t\t\t\t<\/a>\r\n\t\t\t\t\t<\/div>\r\n            \r\n                 \r\n                \r\n                <div class=\"col-md-6 col-sm-6 col-xs-12 wow fadeInUp box\" data-wow-delay=\"0ms\" data-wow-duration=\"1000ms\">\r\n\t\t\t\t\t<a href=\"\/de\/serwis\/\" class=\"tab-link\">\r\n\t\t\t\t\t\t<div class=\"icon\"><span class=\"flaticon-wrench98\"><\/span><\/div>\r\n\t\t\t\t\t\t<h4><strong>Alle Leistungen<\/strong><\/h4>\r\n\t\t\t\t\t\t<p><\/p><span class=\"arrow fa fa-angle-right\"><\/span>\r\n\t\t\t\t\t<\/a>\r\n\t\t\t\t\t<\/div>\r\n            \r\n                            \r\n            <\/div>\r\n        <\/div>\r\n    \r\n    <\/div>    \r\n<\/section>\r\n   \r\n   \r\n<!-- Services -->\r\n<section class=\"why-us\">\r\n    <div class=\"row clearfix\">\r\n    \r\n        <!--Tabs Side-->\r\n        <div class=\"col-xs-12\">\r\n            <div class=\"row clearfix\">\r\n                \r\n                 \r\n                \r\n                <div class=\"col-md-6 col-sm-6 col-xs-12 wow fadeInUp box\" data-wow-delay=\"0ms\" data-wow-duration=\"1000ms\">\r\n\t\t\t\t\t<a href=\"\/kontakt\/\" class=\"tab-link\">\r\n\t\t\t\t\t\t<div class=\"icon\"><span class=\"fa fa-arrow-circle-right\"><\/span><\/div>\r\n\t\t\t\t\t\t<h4>Kontaktieren Sie uns<\/h4>\r\n\t\t\t\t\t\t<p><\/p><span class=\"arrow fa fa-angle-right\"><\/span>\r\n\t\t\t\t\t<\/a>\r\n\t\t\t\t\t<\/div>\r\n            \r\n                            \r\n            <\/div>\r\n        <\/div>\r\n    \r\n    <\/div>    \r\n<\/section>\r\n[\/vc_column][\/vc_row]","protected":false},"excerpt":{"rendered":"<p>[vc_row][vc_column width=&#8221;1\/2&#8243;][vc_column_text]Seit 2000 spezialisieren wir uns auf umfassende Dienstleistungen f\u00fcr kleine und mittlere Firmenflotten. Im Folgenden stellen wir Ihnen das Angebot unseres Service-Centers im Bereich Wartung und Reparatur von Personenwagen und Transportern vor, die in Ihrem Unternehmen eingesetzt werden. Im Rahmen der st\u00e4ndigen Zusammenarbeit bietet unser Autoservice unter anderem: 1. regelm\u00e4\u00dfige Check-ups 2. Reparaturen, 3.<\/p>\n","protected":false},"author":1,"featured_media":0,"parent":0,"menu_order":0,"comment_status":"closed","ping_status":"closed","template":"","meta":[],"_links":{"self":[{"href":"https:\/\/www.autoars.pl\/de\/wp-json\/wp\/v2\/pages\/20"}],"collection":[{"href":"https:\/\/www.autoars.pl\/de\/wp-json\/wp\/v2\/pages"}],"about":[{"href":"https:\/\/www.autoars.pl\/de\/wp-json\/wp\/v2\/types\/page"}],"author":[{"embeddable":true,"href":"https:\/\/www.autoars.pl\/de\/wp-json\/wp\/v2\/users\/1"}],"replies":[{"embeddable":true,"href":"https:\/\/www.autoars.pl\/de\/wp-json\/wp\/v2\/comments?post=20"}],"version-history":[{"count":12,"href":"https:\/\/www.autoars.pl\/de\/wp-json\/wp\/v2\/pages\/20\/revisions"}],"predecessor-version":[{"id":1143,"href":"https:\/\/www.autoars.pl\/de\/wp-json\/wp\/v2\/pages\/20\/revisions\/1143"}],"wp:attachment":[{"href":"https:\/\/www.autoars.pl\/de\/wp-json\/wp\/v2\/media?parent=20"}],"curies":[{"name":"wp","href":"https:\/\/api.w.org\/{rel}","templated":true}]}}