{"id":36,"date":"2017-05-16T22:37:58","date_gmt":"2017-05-16T20:37:58","guid":{"rendered":"https:\/\/www.autoars.pl\/?page_id=36"},"modified":"2025-01-26T19:26:46","modified_gmt":"2025-01-26T18:26:46","slug":"serwis-samochodow-marki-land-rover-i-jaguar","status":"publish","type":"page","link":"https:\/\/www.autoars.pl\/de\/serwis-samochodow-marki-land-rover-i-jaguar\/","title":{"rendered":"Land Rover und Jaguar"},"content":{"rendered":"[vc_row][vc_column][rev_slider_vc alias=&#8221;strefa-land-rover-de&#8221;][\/vc_column][\/vc_row][vc_row container=&#8221;1&#8243;][vc_column width=&#8221;1\/2&#8243;]\r\n\r\r\n<section class=\"why-us\">\r\r\n    <div class=\"auto-container\">\r\r\n        <div class=\"row clearfix\">\r\r\n        \r\r\n            <!--Text Content-->\r\r\n            <div class=\"text-content\">\r\r\n                <div class=\"title-box\">\r\r\n                    <h3>Unsere Leistungen f\u00fcr Land Rover und Jaguar<\/h3>\r\r\n                    <h4 class=\"theme-color\">Diagnostik und Service<\/h4>\r\r\n                <\/div>\r\r\n                <div class=\"text\">\r\r\n                    <p><\/p>\r\r\n                <\/div>\r\r\n            <\/div>\r\r\n            \r\r\n        <\/div>\r\r\n    <\/div>    \r\r\n<\/section>\r\r\n\r\r\n[vc_column_text]Jeder Land Rover und Jaguar sind bei uns willkommen und wir versuchen die Erwartungen des Besitzers zu erf\u00fcllen. Wir sind stets bestrebt, die eigentliche Schadensursache und den objektiven Verschlei\u00dfzustand der Elemente festzustellen.<\/p>\n<p>Wir bieten (auch telefonisch) technische Unterst\u00fctzung bei einem Ausfall des Autos.<\/p>\n<p>Wir haben ein geschultes Team von Spezialisten und langj\u00e4hrige Erfahrung in der Wartung und Reparatur von Autos beider Marken.<\/p>\n<p>Alle Inspektionen und Reparaturen werden basierend auf den originalen technischen Unterlagen von Land Rover \/ Jaguar durchgef\u00fchrt. Wir f\u00fchren eine detaillierte Dokumentation von Inspektionen und Reparaturen durch.<\/p>\n<p>In einem Radius von 200 km gibt es keinen Service, der auf Reparaturen beider Marken spezialisiert ist.<\/p>\n<p>Sie k\u00f6nnen jedes Teil f\u00fcr Land Rover und Jaguar kaufen &#8211; Original oder Ersatz.[\/vc_column_text][\/vc_column][vc_column width=&#8221;1\/2&#8243;][vc_empty_space][vc_column_text]Im Rahmen von Autoservice und Service bieten wir:<\/p>\n<p>1. Computerdiagnose von Fehlern und Programmierung aller Fahrzeugsysteme unter Verwendung von Diagnoseger\u00e4ten f\u00fcr die Marke Land Rover \/ Jaguar mit dem ASO-Standard,<\/p>\n<p>2. Check-ups der Wagen in \u00dcbereinstimmung mit der Land Rover \/ Jaguar Service-Spezifikation oder basierend auf der Erfahrung im Service beider Marken von Autos, empfohlen von Auto Ars,<\/p>\n<p>3. Reparatur von mechanischen Defekten des Motors, der Antriebssysteme, der Aufh\u00e4ngung, der Bremsen usw.<\/p>\n<p>4. fortgeschrittene Reparaturen von elektronisch gesteuerten Komponenten,<\/p>\n<p>5. Reparaturen von Elektroinstallationen in vollem Umfang,<\/p>\n<p>6. Chip Tuning, die Leistung und Fahrsicherheit erh\u00f6ht &#8211; Quantum Tuning Pakete,<\/p>\n<p>7. Ersatz und Lagerung von Reifen und R\u00e4dern,<\/p>\n<p>8. Klimaanlagenservice,<\/p>\n<p>9. detaillierte technische \u00dcberpr\u00fcfung und Beratung vor dem Kauf,<\/p>\n<p>10. Pannenhilfe,<\/p>\n<p>11. f\u00fcr Land Rover: Ausstattung von Fahrzeugen mit Zubeh\u00f6r von OFF ROAD (Abdeckungen, Schweller, Hebes\u00e4tze, Winden, Haken, Gel\u00e4ndereifen usw.).<\/p>\n<p>Wir bieten Ersatzteile Original-und Markenersatz f\u00fcr alle Reparaturen.[\/vc_column_text][\/vc_column][\/vc_row][vc_row el_class=&#8221;nasze-realizacje-page&#8221;][vc_column]   \r\n   \r\n<!--Featured Services-->\r\n    <section class=\"featured-services column-view\">\r\n\t\t<div class=\"auto-container\">\r\n            \r\n            <div class=\"sec-title\">\r\n                <h3>Portoflio<\/h3>\r\n            <\/div>\r\n                        \r\n        \t<div class=\"row clearfix\">\r\n            \t\r\n                                \r\n                <article class=\"col-md-4 col-sm-6 col-xs-12 column-box wow fadeInRight\" data-wow-delay=\"0ms\" data-wow-duration=\"1000ms\">\r\n                \t<div class=\"inner-box\">\r\n                    \t<figure class=\"image\">\r\n                        \t<a href=\"https:\/\/www.autoars.pl\/de\/services\/wymiana-glowicy-i-rozrzadu-w-range-rover-evoque\/\"><img width=\"369\" height=\"230\" src=\"https:\/\/www.autoars.pl\/wp-content\/uploads\/2021\/10\/range-rover-evoque-serwis-auto-ars-369x230.jpg\" class=\"attachment-carshire1 size-carshire1 wp-post-image\" alt=\"Wymiana g\u0142owicy i rozrz\u0105du w Range Rover Evoque 2.0D\" loading=\"lazy\" srcset=\"https:\/\/www.autoars.pl\/wp-content\/uploads\/2021\/10\/range-rover-evoque-serwis-auto-ars-369x230.jpg 369w, https:\/\/www.autoars.pl\/wp-content\/uploads\/2021\/10\/range-rover-evoque-serwis-auto-ars-268x167.jpg 268w\" sizes=\"(max-width: 369px) 100vw, 369px\" \/><\/a>\r\n                            <figcaption class=\"price\"><sup><\/sup><\/figcaption>\r\n                        <\/figure>\r\n                        <div class=\"post-content clearfix\">\r\n                        \t<h3 class=\"skew-lines\">Auswechseln des Zylinderkopfs und der Steuerkette bei einem Range Rover Evoque<\/h3>\r\n                            <div class=\"text-center\"><!--<a href=\"\" class=\"theme-btn btn-style-one\"><span class=\"fa fa-angle-right\"><\/span>GET A QUOTE<\/a>--> <a href=\"https:\/\/www.autoars.pl\/de\/services\/wymiana-glowicy-i-rozrzadu-w-range-rover-evoque\/\" class=\"theme-btn dark-btn\">Weiterlesen<\/a><\/div>\r\n                        <\/div>\r\n                        \r\n                        <div class=\"overlay-box\">\r\n                        \t<h3 class=\"skew-lines\"><\/h3>\r\n                            <div class=\"text\">\r\n                            \t<p> ...<\/p>\r\n                                <br>\r\n                                <a href=\"https:\/\/www.autoars.pl\/de\/services\/wymiana-glowicy-i-rozrzadu-w-range-rover-evoque\/\" class=\"theme-btn dark-btn style-two\"><span class=\"fa fa-angle-right\"><\/span> GET A QUOTE<\/a>\r\n                            <\/div>\r\n                        <\/div>\r\n                        \r\n                    <\/div>\r\n                <\/article>\r\n                \r\n                                \r\n                <article class=\"col-md-4 col-sm-6 col-xs-12 column-box wow fadeInRight\" data-wow-delay=\"0ms\" data-wow-duration=\"1000ms\">\r\n                \t<div class=\"inner-box\">\r\n                    \t<figure class=\"image\">\r\n                        \t<a href=\"https:\/\/www.autoars.pl\/de\/services\/range-rover-sport-5-0-supercharged-wymiana-lancuchow-rozrzadu\/\"><img width=\"369\" height=\"230\" src=\"https:\/\/www.autoars.pl\/wp-content\/uploads\/2018\/05\/33059041_2080690488670329_3428736666582384640_n-369x230.jpg\" class=\"attachment-carshire1 size-carshire1 wp-post-image\" alt=\"\" loading=\"lazy\" srcset=\"https:\/\/www.autoars.pl\/wp-content\/uploads\/2018\/05\/33059041_2080690488670329_3428736666582384640_n-369x230.jpg 369w, https:\/\/www.autoars.pl\/wp-content\/uploads\/2018\/05\/33059041_2080690488670329_3428736666582384640_n-268x167.jpg 268w\" sizes=\"(max-width: 369px) 100vw, 369px\" \/><\/a>\r\n                            <figcaption class=\"price\"><sup>$<\/sup><\/figcaption>\r\n                        <\/figure>\r\n                        <div class=\"post-content clearfix\">\r\n                        \t<h3 class=\"skew-lines\">Range Rover Sport 5.0 Supercharged  &#8211; Austausch von Steuerketten<\/h3>\r\n                            <div class=\"text-center\"><!--<a href=\"\" class=\"theme-btn btn-style-one\"><span class=\"fa fa-angle-right\"><\/span>GET A QUOTE<\/a>--> <a href=\"https:\/\/www.autoars.pl\/de\/services\/range-rover-sport-5-0-supercharged-wymiana-lancuchow-rozrzadu\/\" class=\"theme-btn dark-btn\">Weiterlesen<\/a><\/div>\r\n                        <\/div>\r\n                        \r\n                        <div class=\"overlay-box\">\r\n                        \t<h3 class=\"skew-lines\"><\/h3>\r\n                            <div class=\"text\">\r\n                            \t<p> ...<\/p>\r\n                                <br>\r\n                                <a href=\"https:\/\/www.autoars.pl\/de\/services\/range-rover-sport-5-0-supercharged-wymiana-lancuchow-rozrzadu\/\" class=\"theme-btn dark-btn style-two\"><span class=\"fa fa-angle-right\"><\/span> GET A QUOTE<\/a>\r\n                            <\/div>\r\n                        <\/div>\r\n                        \r\n                    <\/div>\r\n                <\/article>\r\n                \r\n                                \r\n                <article class=\"col-md-4 col-sm-6 col-xs-12 column-box wow fadeInRight\" data-wow-delay=\"0ms\" data-wow-duration=\"1000ms\">\r\n                \t<div class=\"inner-box\">\r\n                    \t<figure class=\"image\">\r\n                        \t<a href=\"https:\/\/www.autoars.pl\/de\/services\/range-rover-sport-3-0-diesel-wymiana-silnika\/\"><img width=\"369\" height=\"230\" src=\"https:\/\/www.autoars.pl\/wp-content\/uploads\/2018\/05\/Range-Rover-Sport-3.0-Diesel-wymiana-silnika-369x230.jpg\" class=\"attachment-carshire1 size-carshire1 wp-post-image\" alt=\"Range Rover Sport 3.0 Diesel wymiana silnika w Auto Ars\" loading=\"lazy\" srcset=\"https:\/\/www.autoars.pl\/wp-content\/uploads\/2018\/05\/Range-Rover-Sport-3.0-Diesel-wymiana-silnika-369x230.jpg 369w, https:\/\/www.autoars.pl\/wp-content\/uploads\/2018\/05\/Range-Rover-Sport-3.0-Diesel-wymiana-silnika-268x167.jpg 268w\" sizes=\"(max-width: 369px) 100vw, 369px\" \/><\/a>\r\n                            <figcaption class=\"price\"><sup>$<\/sup><\/figcaption>\r\n                        <\/figure>\r\n                        <div class=\"post-content clearfix\">\r\n                        \t<h3 class=\"skew-lines\">Range Rover Sport 3.0 Diesel &#8211; Motorwechsel<\/h3>\r\n                            <div class=\"text-center\"><!--<a href=\"\" class=\"theme-btn btn-style-one\"><span class=\"fa fa-angle-right\"><\/span>GET A QUOTE<\/a>--> <a href=\"https:\/\/www.autoars.pl\/de\/services\/range-rover-sport-3-0-diesel-wymiana-silnika\/\" class=\"theme-btn dark-btn\">Weiterlesen<\/a><\/div>\r\n                        <\/div>\r\n                        \r\n                        <div class=\"overlay-box\">\r\n                        \t<h3 class=\"skew-lines\"><\/h3>\r\n                            <div class=\"text\">\r\n                            \t<p> ...<\/p>\r\n                                <br>\r\n                                <a href=\"https:\/\/www.autoars.pl\/de\/services\/range-rover-sport-3-0-diesel-wymiana-silnika\/\" class=\"theme-btn dark-btn style-two\"><span class=\"fa fa-angle-right\"><\/span> GET A QUOTE<\/a>\r\n                            <\/div>\r\n                        <\/div>\r\n                        \r\n                    <\/div>\r\n                <\/article>\r\n                \r\n                                \r\n                <article class=\"col-md-4 col-sm-6 col-xs-12 column-box wow fadeInRight\" data-wow-delay=\"0ms\" data-wow-duration=\"1000ms\">\r\n                \t<div class=\"inner-box\">\r\n                    \t<figure class=\"image\">\r\n                        \t<a href=\"https:\/\/www.autoars.pl\/de\/services\/land-rover-defender-2-2-diesel\/\"><img width=\"369\" height=\"230\" src=\"https:\/\/www.autoars.pl\/wp-content\/uploads\/2018\/01\/land-rover-defender-369x230.jpg\" class=\"attachment-carshire1 size-carshire1 wp-post-image\" alt=\"Land Rover Defender\" loading=\"lazy\" srcset=\"https:\/\/www.autoars.pl\/wp-content\/uploads\/2018\/01\/land-rover-defender-369x230.jpg 369w, https:\/\/www.autoars.pl\/wp-content\/uploads\/2018\/01\/land-rover-defender-268x167.jpg 268w\" sizes=\"(max-width: 369px) 100vw, 369px\" \/><\/a>\r\n                            <figcaption class=\"price\"><sup>$<\/sup><\/figcaption>\r\n                        <\/figure>\r\n                        <div class=\"post-content clearfix\">\r\n                        \t<h3 class=\"skew-lines\">Land Rover Defender 2.2 Diesel<\/h3>\r\n                            <div class=\"text-center\"><!--<a href=\"\" class=\"theme-btn btn-style-one\"><span class=\"fa fa-angle-right\"><\/span>GET A QUOTE<\/a>--> <a href=\"https:\/\/www.autoars.pl\/de\/services\/land-rover-defender-2-2-diesel\/\" class=\"theme-btn dark-btn\">Weiterlesen<\/a><\/div>\r\n                        <\/div>\r\n                        \r\n                        <div class=\"overlay-box\">\r\n                        \t<h3 class=\"skew-lines\"><\/h3>\r\n                            <div class=\"text\">\r\n                            \t<p> ...<\/p>\r\n                                <br>\r\n                                <a href=\"https:\/\/www.autoars.pl\/de\/services\/land-rover-defender-2-2-diesel\/\" class=\"theme-btn dark-btn style-two\"><span class=\"fa fa-angle-right\"><\/span> GET A QUOTE<\/a>\r\n                            <\/div>\r\n                        <\/div>\r\n                        \r\n                    <\/div>\r\n                <\/article>\r\n                \r\n                                \r\n                <article class=\"col-md-4 col-sm-6 col-xs-12 column-box wow fadeInRight\" data-wow-delay=\"0ms\" data-wow-duration=\"1000ms\">\r\n                \t<div class=\"inner-box\">\r\n                    \t<figure class=\"image\">\r\n                        \t<a href=\"https:\/\/www.autoars.pl\/de\/services\/jaguar-3-8-mark-10-i-xj-3-0-diesel\/\"><img width=\"369\" height=\"230\" src=\"https:\/\/www.autoars.pl\/wp-content\/uploads\/2017\/06\/auto-ars-jaguary-369x230.jpg\" class=\"attachment-carshire1 size-carshire1 wp-post-image\" alt=\"Jaguar 3.8 MARK z 1963 r. oraz Jaguar XJ 3.0 Diesel z 2013 r.\" loading=\"lazy\" srcset=\"https:\/\/www.autoars.pl\/wp-content\/uploads\/2017\/06\/auto-ars-jaguary-369x230.jpg 369w, https:\/\/www.autoars.pl\/wp-content\/uploads\/2017\/06\/auto-ars-jaguary-268x167.jpg 268w\" sizes=\"(max-width: 369px) 100vw, 369px\" \/><\/a>\r\n                            <figcaption class=\"price\"><sup>$<\/sup><\/figcaption>\r\n                        <\/figure>\r\n                        <div class=\"post-content clearfix\">\r\n                        \t<h3 class=\"skew-lines\">Jaguar 3.8 MARK 10 und XJ 3.0 Diesel<\/h3>\r\n                            <div class=\"text-center\"><!--<a href=\"\" class=\"theme-btn btn-style-one\"><span class=\"fa fa-angle-right\"><\/span>GET A QUOTE<\/a>--> <a href=\"https:\/\/www.autoars.pl\/de\/services\/jaguar-3-8-mark-10-i-xj-3-0-diesel\/\" class=\"theme-btn dark-btn\">Weiterlesen<\/a><\/div>\r\n                        <\/div>\r\n                        \r\n                        <div class=\"overlay-box\">\r\n                        \t<h3 class=\"skew-lines\"><\/h3>\r\n                            <div class=\"text\">\r\n                            \t<p> ...<\/p>\r\n                                <br>\r\n                                <a href=\"https:\/\/www.autoars.pl\/de\/services\/jaguar-3-8-mark-10-i-xj-3-0-diesel\/\" class=\"theme-btn dark-btn style-two\"><span class=\"fa fa-angle-right\"><\/span> GET A QUOTE<\/a>\r\n                            <\/div>\r\n                        <\/div>\r\n                        \r\n                    <\/div>\r\n                <\/article>\r\n                \r\n                                \r\n                <article class=\"col-md-4 col-sm-6 col-xs-12 column-box wow fadeInRight\" data-wow-delay=\"0ms\" data-wow-duration=\"1000ms\">\r\n                \t<div class=\"inner-box\">\r\n                    \t<figure class=\"image\">\r\n                        \t<a href=\"https:\/\/www.autoars.pl\/de\/services\/range-rover-evoque-2013-sprawdzenie-auta-przed-zakupem\/\"><img width=\"369\" height=\"230\" src=\"https:\/\/www.autoars.pl\/wp-content\/uploads\/2018\/01\/land4-369x230.jpg\" class=\"attachment-carshire1 size-carshire1 wp-post-image\" alt=\"Range Rover Evoque 2013\" loading=\"lazy\" srcset=\"https:\/\/www.autoars.pl\/wp-content\/uploads\/2018\/01\/land4-369x230.jpg 369w, https:\/\/www.autoars.pl\/wp-content\/uploads\/2018\/01\/land4-268x167.jpg 268w\" sizes=\"(max-width: 369px) 100vw, 369px\" \/><\/a>\r\n                            <figcaption class=\"price\"><sup>$<\/sup><\/figcaption>\r\n                        <\/figure>\r\n                        <div class=\"post-content clearfix\">\r\n                        \t<h3 class=\"skew-lines\">Land Rover Evoque 2013 r. &#8211; \u00dcberpr\u00fcfung des Autos vor dem Kauf<\/h3>\r\n                            <div class=\"text-center\"><!--<a href=\"\" class=\"theme-btn btn-style-one\"><span class=\"fa fa-angle-right\"><\/span>GET A QUOTE<\/a>--> <a href=\"https:\/\/www.autoars.pl\/de\/services\/range-rover-evoque-2013-sprawdzenie-auta-przed-zakupem\/\" class=\"theme-btn dark-btn\">Weiterlesen<\/a><\/div>\r\n                        <\/div>\r\n                        \r\n                        <div class=\"overlay-box\">\r\n                        \t<h3 class=\"skew-lines\"><\/h3>\r\n                            <div class=\"text\">\r\n                            \t<p> ...<\/p>\r\n                                <br>\r\n                                <a href=\"https:\/\/www.autoars.pl\/de\/services\/range-rover-evoque-2013-sprawdzenie-auta-przed-zakupem\/\" class=\"theme-btn dark-btn style-two\"><span class=\"fa fa-angle-right\"><\/span> GET A QUOTE<\/a>\r\n                            <\/div>\r\n                        <\/div>\r\n                        \r\n                    <\/div>\r\n                <\/article>\r\n                \r\n                                \r\n            <\/div>\r\n            \r\n        <\/div>    \r\n    <\/section>\r\n[\/vc_column][\/vc_row]","protected":false},"excerpt":{"rendered":"<p>[vc_row][vc_column][rev_slider_vc alias=&#8221;strefa-land-rover-de&#8221;][\/vc_column][\/vc_row][vc_row container=&#8221;1&#8243;][vc_column width=&#8221;1\/2&#8243;][vc_column_text]Jeder Land Rover und Jaguar sind bei uns willkommen und wir versuchen die Erwartungen des Besitzers zu erf\u00fcllen. Wir sind stets bestrebt, die eigentliche Schadensursache und den objektiven Verschlei\u00dfzustand der Elemente festzustellen. Wir bieten (auch telefonisch) technische Unterst\u00fctzung bei einem Ausfall des Autos. Wir haben ein geschultes Team von Spezialisten und langj\u00e4hrige<\/p>\n","protected":false},"author":1,"featured_media":0,"parent":0,"menu_order":0,"comment_status":"closed","ping_status":"closed","template":"tpl-visual_composer.php","meta":[],"_links":{"self":[{"href":"https:\/\/www.autoars.pl\/de\/wp-json\/wp\/v2\/pages\/36"}],"collection":[{"href":"https:\/\/www.autoars.pl\/de\/wp-json\/wp\/v2\/pages"}],"about":[{"href":"https:\/\/www.autoars.pl\/de\/wp-json\/wp\/v2\/types\/page"}],"author":[{"embeddable":true,"href":"https:\/\/www.autoars.pl\/de\/wp-json\/wp\/v2\/users\/1"}],"replies":[{"embeddable":true,"href":"https:\/\/www.autoars.pl\/de\/wp-json\/wp\/v2\/comments?post=36"}],"version-history":[{"count":35,"href":"https:\/\/www.autoars.pl\/de\/wp-json\/wp\/v2\/pages\/36\/revisions"}],"predecessor-version":[{"id":1678,"href":"https:\/\/www.autoars.pl\/de\/wp-json\/wp\/v2\/pages\/36\/revisions\/1678"}],"wp:attachment":[{"href":"https:\/\/www.autoars.pl\/de\/wp-json\/wp\/v2\/media?parent=36"}],"curies":[{"name":"wp","href":"https:\/\/api.w.org\/{rel}","templated":true}]}}