{"id":367,"date":"2018-01-05T16:00:08","date_gmt":"2018-01-05T15:00:08","guid":{"rendered":"https:\/\/www.autoars.pl\/?page_id=367"},"modified":"2025-01-25T14:05:35","modified_gmt":"2025-01-25T13:05:35","slug":"chip-tuning","status":"publish","type":"page","link":"https:\/\/www.autoars.pl\/de\/chip-tuning\/","title":{"rendered":"Chiptuning"},"content":{"rendered":"[vc_row][vc_column]\r\n\r\r\n<section class=\"why-us\">\r\r\n    <div class=\"auto-container\">\r\r\n        <div class=\"row clearfix\">\r\r\n        \r\r\n            <!--Text Content-->\r\r\n            <div class=\"text-content\">\r\r\n                <div class=\"title-box\">\r\r\n                    <h3>Chip-tuning<\/h3>\r\r\n                    <h4 class=\"theme-color\"><\/h4>\r\r\n                <\/div>\r\r\n                <div class=\"text\">\r\r\n                    <p><\/p>\r\r\n                <\/div>\r\r\n            <\/div>\r\r\n            \r\r\n        <\/div>\r\r\n    <\/div>    \r\r\n<\/section>\r\r\n\r\r\n[vc_column_text]Chiptuning:<br \/>\nerh\u00f6ht die Motorleistung<br \/>\nerh\u00f6ht den Komfort und die Sicherheit des Fahrens<br \/>\nreduziert den Kraftstoffverbrauch in Dieselmotoren!<\/p>\n<p>Wir sind der Montageservice des weltweit gr\u00f6\u00dften Autotuningunternehmens Quantum Tuning.<\/p>\n<p>Wir optimieren die Software in den meisten Automarken (einschlie\u00dflich Audi, Volkswagen, Jaguar, Land Rover, BMW, Skoda, Ford, Opel, Seat und vielen anderen). Suchen Sie, <a href=\"https:\/\/www.quantumtuning.co.uk\/dealer-tool\/responsive-vehicle-look-up-tool\/international-dealers\/quantum-poland-subdealer-vehicle-lookup.aspx\" target=\"_blank\" rel=\"noopener noreferrer\">was wir f\u00fcr Ihr Auto tun k\u00f6nnen<\/a>, oder rufen Sie uns an: tel. <a href=\"tel:+48601509307\">+48 601 509 307.<\/a>[\/vc_column_text][\/vc_column][\/vc_row]","protected":false},"excerpt":{"rendered":"<p>[vc_row][vc_column][vc_column_text]Chiptuning: erh\u00f6ht die Motorleistung erh\u00f6ht den Komfort und die Sicherheit des Fahrens reduziert den Kraftstoffverbrauch in Dieselmotoren! Wir sind der Montageservice des weltweit gr\u00f6\u00dften Autotuningunternehmens Quantum Tuning. Wir optimieren die Software in den meisten Automarken (einschlie\u00dflich Audi, Volkswagen, Jaguar, Land Rover, BMW, Skoda, Ford, Opel, Seat und vielen anderen). Suchen Sie, was wir f\u00fcr Ihr<\/p>\n","protected":false},"author":1,"featured_media":231,"parent":0,"menu_order":0,"comment_status":"closed","ping_status":"closed","template":"","meta":[],"_links":{"self":[{"href":"https:\/\/www.autoars.pl\/de\/wp-json\/wp\/v2\/pages\/367"}],"collection":[{"href":"https:\/\/www.autoars.pl\/de\/wp-json\/wp\/v2\/pages"}],"about":[{"href":"https:\/\/www.autoars.pl\/de\/wp-json\/wp\/v2\/types\/page"}],"author":[{"embeddable":true,"href":"https:\/\/www.autoars.pl\/de\/wp-json\/wp\/v2\/users\/1"}],"replies":[{"embeddable":true,"href":"https:\/\/www.autoars.pl\/de\/wp-json\/wp\/v2\/comments?post=367"}],"version-history":[{"count":19,"href":"https:\/\/www.autoars.pl\/de\/wp-json\/wp\/v2\/pages\/367\/revisions"}],"predecessor-version":[{"id":1011,"href":"https:\/\/www.autoars.pl\/de\/wp-json\/wp\/v2\/pages\/367\/revisions\/1011"}],"wp:featuredmedia":[{"embeddable":true,"href":"https:\/\/www.autoars.pl\/de\/wp-json\/wp\/v2\/media\/231"}],"wp:attachment":[{"href":"https:\/\/www.autoars.pl\/de\/wp-json\/wp\/v2\/media?parent=367"}],"curies":[{"name":"wp","href":"https:\/\/api.w.org\/{rel}","templated":true}]}}