{"id":41,"date":"2017-05-21T17:53:53","date_gmt":"2017-05-21T15:53:53","guid":{"rendered":"https:\/\/www.autoars.pl\/?page_id=41"},"modified":"2025-03-01T13:43:23","modified_gmt":"2025-03-01T12:43:23","slug":"home","status":"publish","type":"page","link":"https:\/\/www.autoars.pl\/de\/","title":{"rendered":"Startseite"},"content":{"rendered":"[vc_row][vc_column][rev_slider_vc alias=&#8221;home-de-2025&#8243;][\/vc_column][\/vc_row][vc_row container=&#8221;1&#8243;][vc_column width=&#8221;1\/2&#8243;][vc_column_text el_class=&#8221;why-us&#8221;]\n<div class=\"text-content\">\n<div class=\"title-box\">\n<h1 class=\"home-main-header\">Auto Ars \u2013 Autowerkstatt in Szczecin<\/h1>\n<h2 class=\"theme-color home-main-header-h2\">Unsere St\u00e4rken. Autowerkstatt mit \u00fcber 25 Jahren Erfahrung.<\/h2>\n<\/div>\n<div class=\"text\">\n<p>Wir sind ein Team von Mechaniker und Spezialisten auf dem Gebiet der Motorisierung.<\/p>\n<p>Alle Inspektionen und Reparaturen werden mit modernen Werkzeugen und Diagnoseger\u00e4ten unter der Aufsicht von erfahrenem technischen Experten durchgef\u00fchrt.<\/p>\n<p>Wir suchen immer die eigentliche Ursache, warum einer Wagen kaputt ist.<\/p>\n<p>Wir bieten umfassende Autopflege. Wir behalten die Geschichte der Reparaturen, wir erinnern Sie an Bewertungen. Bei einem pl\u00f6tzlichen Ausfall helfen wir Ihnen bei der Organisation der Pannenhilfe.<\/p>\n<p>Unsere\u00a0Dienstleistungen: Computer-Diagnostik, mechanische Reparatur, Reparatur von elektronisch gesteuerte Elemente und elektrischer Installation, regelm\u00e4\u00dfige Inspektion und Wartungsdienst, Chip Tuning, Klimaanlagenservice, Reifen-Radereinlagerung, Zahnriemenwechsel, \u00d6lwechsel und viel mehr.<\/p>\n<\/div>\n<\/div>\n[\/vc_column_text][\/vc_column][vc_column width=&#8221;1\/2&#8243;]   \r\n   \r\n<!-- Services -->\r\n<section class=\"why-us\">\r\n    <div class=\"row clearfix\">\r\n    \r\n        <!--Tabs Side-->\r\n        <div class=\"col-xs-12\">\r\n            <div class=\"row clearfix\">\r\n                \r\n                 \r\n                \r\n                <div class=\"col-md-6 col-sm-6 col-xs-12 wow fadeInUp box\" data-wow-delay=\"0ms\" data-wow-duration=\"1000ms\">\r\n\t\t\t\t\t<a href=\"\/de\/serwis\/\" class=\"tab-link\">\r\n\t\t\t\t\t\t<div class=\"icon\"><span class=\"flaticon-repair1\"><\/span><\/div>\r\n\t\t\t\t\t\t<h4><strong>Diagnostik<\/strong><\/h4>\r\n\t\t\t\t\t\t<p><\/p><span class=\"arrow fa fa-angle-right\"><\/span>\r\n\t\t\t\t\t<\/a>\r\n\t\t\t\t\t<\/div>\r\n            \r\n                 \r\n                \r\n                <div class=\"col-md-6 col-sm-6 col-xs-12 wow fadeInUp box\" data-wow-delay=\"0ms\" data-wow-duration=\"1000ms\">\r\n\t\t\t\t\t<a href=\"\/de\/serwis\/\" class=\"tab-link\">\r\n\t\t\t\t\t\t<div class=\"icon\"><span class=\"flaticon-cars48\"><\/span><\/div>\r\n\t\t\t\t\t\t<h4><strong>Wartungsdienst<\/strong><\/h4>\r\n\t\t\t\t\t\t<p><\/p><span class=\"arrow fa fa-angle-right\"><\/span>\r\n\t\t\t\t\t<\/a>\r\n\t\t\t\t\t<\/div>\r\n            \r\n                 \r\n                \r\n                <div class=\"col-md-6 col-sm-6 col-xs-12 wow fadeInUp box\" data-wow-delay=\"0ms\" data-wow-duration=\"1000ms\">\r\n\t\t\t\t\t<a href=\"\/de\/serwis\/\" class=\"tab-link\">\r\n\t\t\t\t\t\t<div class=\"icon\"><span class=\"fa fa-code-fork\"><\/span><\/div>\r\n\t\t\t\t\t\t<h4><strong>Auto-Elektronik und Auto-Elektrik<\/strong><\/h4>\r\n\t\t\t\t\t\t<p><\/p><span class=\"arrow fa fa-angle-right\"><\/span>\r\n\t\t\t\t\t<\/a>\r\n\t\t\t\t\t<\/div>\r\n            \r\n                 \r\n                \r\n                <div class=\"col-md-6 col-sm-6 col-xs-12 wow fadeInUp box\" data-wow-delay=\"0ms\" data-wow-duration=\"1000ms\">\r\n\t\t\t\t\t<a href=\"\/de\/serwis\/\" class=\"tab-link\">\r\n\t\t\t\t\t\t<div class=\"icon\"><span class=\"flaticon-speed12\"><\/span><\/div>\r\n\t\t\t\t\t\t<h4><strong>Chip Tuning<\/strong><\/h4>\r\n\t\t\t\t\t\t<p><\/p><span class=\"arrow fa fa-angle-right\"><\/span>\r\n\t\t\t\t\t<\/a>\r\n\t\t\t\t\t<\/div>\r\n            \r\n                 \r\n                \r\n                <div class=\"col-md-6 col-sm-6 col-xs-12 wow fadeInUp box\" data-wow-delay=\"0ms\" data-wow-duration=\"1000ms\">\r\n\t\t\t\t\t<a href=\"\/de\/serwis\/\" class=\"tab-link\">\r\n\t\t\t\t\t\t<div class=\"icon\"><span class=\"flaticon-cool6\"><\/span><\/div>\r\n\t\t\t\t\t\t<h4><strong>Klimaanlagenservice<\/strong><\/h4>\r\n\t\t\t\t\t\t<p><\/p><span class=\"arrow fa fa-angle-right\"><\/span>\r\n\t\t\t\t\t<\/a>\r\n\t\t\t\t\t<\/div>\r\n            \r\n                 \r\n                \r\n                <div class=\"col-md-6 col-sm-6 col-xs-12 wow fadeInUp box\" data-wow-delay=\"0ms\" data-wow-duration=\"1000ms\">\r\n\t\t\t\t\t<a href=\"\/de\/serwis\/\" class=\"tab-link\">\r\n\t\t\t\t\t\t<div class=\"icon\"><span class=\"flaticon-wrench98\"><\/span><\/div>\r\n\t\t\t\t\t\t<h4><strong>Alle Leistungen<\/strong><\/h4>\r\n\t\t\t\t\t\t<p><\/p><span class=\"arrow fa fa-angle-right\"><\/span>\r\n\t\t\t\t\t<\/a>\r\n\t\t\t\t\t<\/div>\r\n            \r\n                            \r\n            <\/div>\r\n        <\/div>\r\n    \r\n    <\/div>    \r\n<\/section>\r\n[\/vc_column][\/vc_row][vc_row][vc_column]\r\n   \r\n\r\n   \r\n\r\n\r\n\r\n<!--Our Gallery-->\r\n\r\n    <section class=\"gallery-section\">\r\n\r\n\t\t<div class=\"auto-container\">\r\n\r\n            \r\n\r\n            <div class=\"sec-title\">\r\n\r\n                <h3>Bildergalerie<\/h3>\r\n\r\n            <\/div>\r\n\r\n            \r\n\r\n            <!--Carousel-->\r\n\r\n        \t<div class=\"gallery-slider column-carousel four-column\">\r\n\r\n            \t\r\n\r\n                \r\n                \r\n                <article class=\"slide-item\">\r\n\r\n                \t<figure class=\"image-box\"><a href=\"\" class=\"lightbox-image\" title=\"Zdj\u0119cie warsztatu 1\"><img width=\"269\" height=\"230\" src=\"https:\/\/www.autoars.pl\/wp-content\/uploads\/2025\/01\/serwis-samochodowy-auto-ars-hala-serwisowa-269x230.jpg\" class=\"attachment-carshire2 size-carshire2 wp-post-image\" alt=\"Hala serwisowa w warsztacie Auto Ars w Szczecinie\" loading=\"lazy\" \/><\/a><\/figure>\r\n\r\n                    <a href=\"https:\/\/www.autoars.pl\/wp-content\/uploads\/2025\/01\/serwis-samochodowy-auto-ars-hala-serwisowa.jpg\" class=\"overlay lightbox-image\" title=\"Zdj\u0119cie warsztatu 1\"><\/a>\r\n\r\n                    <div class=\"item-caption\">\r\n\r\n                    \t<h4><strong>Zdj\u0119cie warsztatu 1<\/strong><\/h4>\r\n\r\n                        <p><\/p>\r\n\r\n                    <\/div>\r\n\r\n                <\/article>\r\n\r\n                \r\n\r\n                \r\n                \r\n                <article class=\"slide-item\">\r\n\r\n                \t<figure class=\"image-box\"><a href=\"\" class=\"lightbox-image\" title=\"Zdj\u0119cie warsztatu 2\"><img width=\"269\" height=\"230\" src=\"https:\/\/www.autoars.pl\/wp-content\/uploads\/2017\/06\/warsztat2-269x230.jpg\" class=\"attachment-carshire2 size-carshire2 wp-post-image\" alt=\"Hala warsztatowa i podno\u015bniki w Auto Ars\" loading=\"lazy\" \/><\/a><\/figure>\r\n\r\n                    <a href=\"https:\/\/www.autoars.pl\/wp-content\/uploads\/2017\/06\/warsztat2.jpg\" class=\"overlay lightbox-image\" title=\"Zdj\u0119cie warsztatu 2\"><\/a>\r\n\r\n                    <div class=\"item-caption\">\r\n\r\n                    \t<h4><strong>Zdj\u0119cie warsztatu 2<\/strong><\/h4>\r\n\r\n                        <p><\/p>\r\n\r\n                    <\/div>\r\n\r\n                <\/article>\r\n\r\n                \r\n\r\n                \r\n                \r\n                <article class=\"slide-item\">\r\n\r\n                \t<figure class=\"image-box\"><a href=\"\" class=\"lightbox-image\" title=\"Zdj\u0119cie warsztatu 3\"><img width=\"269\" height=\"230\" src=\"https:\/\/www.autoars.pl\/wp-content\/uploads\/2017\/06\/warsztat3-269x230.jpg\" class=\"attachment-carshire2 size-carshire2 wp-post-image\" alt=\"Hala warsztatowa w Auto Ars\" loading=\"lazy\" \/><\/a><\/figure>\r\n\r\n                    <a href=\"https:\/\/www.autoars.pl\/wp-content\/uploads\/2017\/06\/warsztat3.jpg\" class=\"overlay lightbox-image\" title=\"Zdj\u0119cie warsztatu 3\"><\/a>\r\n\r\n                    <div class=\"item-caption\">\r\n\r\n                    \t<h4><strong>Zdj\u0119cie warsztatu 3<\/strong><\/h4>\r\n\r\n                        <p><\/p>\r\n\r\n                    <\/div>\r\n\r\n                <\/article>\r\n\r\n                \r\n\r\n                \r\n                \r\n                <article class=\"slide-item\">\r\n\r\n                \t<figure class=\"image-box\"><a href=\"\" class=\"lightbox-image\" title=\"Zdj\u0119cie warsztatu 4\"><img width=\"269\" height=\"230\" src=\"https:\/\/www.autoars.pl\/wp-content\/uploads\/2017\/06\/warsztat4-269x230.jpg\" class=\"attachment-carshire2 size-carshire2 wp-post-image\" alt=\"Honda Ridgeline - serwis klimatyzacji w Auto Ars\" loading=\"lazy\" \/><\/a><\/figure>\r\n\r\n                    <a href=\"https:\/\/www.autoars.pl\/wp-content\/uploads\/2017\/06\/warsztat4.jpg\" class=\"overlay lightbox-image\" title=\"Zdj\u0119cie warsztatu 4\"><\/a>\r\n\r\n                    <div class=\"item-caption\">\r\n\r\n                    \t<h4><strong>Zdj\u0119cie warsztatu 4<\/strong><\/h4>\r\n\r\n                        <p><\/p>\r\n\r\n                    <\/div>\r\n\r\n                <\/article>\r\n\r\n                \r\n\r\n                \r\n                \r\n\r\n            <\/div>\r\n\r\n            \r\n\r\n        <\/div>    \r\n\r\n    <\/section>\r\n\r\n\r\n\r\n\r\n\r\n\r\n[\/vc_column][\/vc_row]","protected":false},"excerpt":{"rendered":"<p>[vc_row][vc_column][rev_slider_vc alias=&#8221;home-de-2025&#8243;][\/vc_column][\/vc_row][vc_row container=&#8221;1&#8243;][vc_column width=&#8221;1\/2&#8243;][vc_column_text el_class=&#8221;why-us&#8221;] Auto Ars \u2013 Autowerkstatt in Szczecin Unsere St\u00e4rken. Autowerkstatt mit \u00fcber 25 Jahren Erfahrung. Wir sind ein Team von Mechaniker und Spezialisten auf dem Gebiet der Motorisierung. Alle Inspektionen und Reparaturen werden mit modernen Werkzeugen und Diagnoseger\u00e4ten unter der Aufsicht von erfahrenem technischen Experten durchgef\u00fchrt. Wir suchen immer die eigentliche<\/p>\n","protected":false},"author":1,"featured_media":0,"parent":0,"menu_order":0,"comment_status":"closed","ping_status":"closed","template":"tpl-visual_composer.php","meta":[],"_links":{"self":[{"href":"https:\/\/www.autoars.pl\/de\/wp-json\/wp\/v2\/pages\/41"}],"collection":[{"href":"https:\/\/www.autoars.pl\/de\/wp-json\/wp\/v2\/pages"}],"about":[{"href":"https:\/\/www.autoars.pl\/de\/wp-json\/wp\/v2\/types\/page"}],"author":[{"embeddable":true,"href":"https:\/\/www.autoars.pl\/de\/wp-json\/wp\/v2\/users\/1"}],"replies":[{"embeddable":true,"href":"https:\/\/www.autoars.pl\/de\/wp-json\/wp\/v2\/comments?post=41"}],"version-history":[{"count":87,"href":"https:\/\/www.autoars.pl\/de\/wp-json\/wp\/v2\/pages\/41\/revisions"}],"predecessor-version":[{"id":1713,"href":"https:\/\/www.autoars.pl\/de\/wp-json\/wp\/v2\/pages\/41\/revisions\/1713"}],"wp:attachment":[{"href":"https:\/\/www.autoars.pl\/de\/wp-json\/wp\/v2\/media?parent=41"}],"curies":[{"name":"wp","href":"https:\/\/api.w.org\/{rel}","templated":true}]}}