{"id":881,"date":"2018-02-10T21:07:09","date_gmt":"2018-02-10T20:07:09","guid":{"rendered":"https:\/\/www.autoars.pl\/?page_id=881"},"modified":"2018-03-26T21:56:48","modified_gmt":"2018-03-26T19:56:48","slug":"czesci-zamienne-sklep","status":"publish","type":"page","link":"https:\/\/www.autoars.pl\/de\/czesci-zamienne-sklep\/","title":{"rendered":"Ersatzteile"},"content":{"rendered":"[vc_row][vc_column width=&#8221;2\/3&#8243;]\r\n\r\r\n<section class=\"why-us\">\r\r\n    <div class=\"auto-container\">\r\r\n        <div class=\"row clearfix\">\r\r\n        \r\r\n            <!--Text Content-->\r\r\n            <div class=\"text-content\">\r\r\n                <div class=\"title-box\">\r\r\n                    <h3>Ersatzteile f\u00fcr alle Marken<\/h3>\r\r\n                    <h4 class=\"theme-color\">Specialisierung: Land Rover und Jaguar<\/h4>\r\r\n                <\/div>\r\r\n                <div class=\"text\">\r\r\n                    <p><\/p>\r\r\n                <\/div>\r\r\n            <\/div>\r\r\n            \r\r\n        <\/div>\r\r\n    <\/div>    \r\r\n<\/section>\r\r\n\r\r\n[vc_column_text]Wir\u00a0f\u00fchren\u00a0das Gesch\u00e4ft mit Ersatzteillen f\u00fcr Land Rover und Jaguar. Eine gro\u00dfe Auswahl an Originalteilen sowie Zubeh\u00f6r und Ersatz vor Ort verf\u00fcgbar. Wir erf\u00fcllen Auftr\u00e4ge f\u00fcr Teile, die wir nicht vor Ort haben. Wir haben ein originelles Programm f\u00fcr den JLR EPC Teil.<\/p>\n<p>Wir verkaufen Ersatzteile f\u00fcr alle Marken. Wir bieten Originalteile und Ersatz.<\/p>\n<p>F\u00fcr Off-Road-Fans bieten wir eine gro\u00dfe Auswahl an Offroad-Autozubeh\u00f6r von Land Rover und mehr. Das Angebot umfasst unter anderem: Reifen, Winden, Schnorchel, Lenkungsd\u00e4mpfer, Suspensionen von namhaften Unternehmen wie Old Man Emu, Britpart, Bearmach.<\/p>\n<p>Wir helfen Ihnen gerne bei der Auswahl des richtigen Produktes. F\u00fcr Stammkunden bieten wir Rabatte! Sie erhalten ein detailliertes Angebot von unseren Team unter\u00a0der\u00a0Telefonnummer: <a href=\"tel:+48913332132\">+48 91 333 21 32<\/a>.[\/vc_column_text][\/vc_column][vc_column width=&#8221;1\/3&#8243;][vc_empty_space][vc_single_image image=&#8221;882&#8243; img_size=&#8221;large&#8221;][\/vc_column][\/vc_row]","protected":false},"excerpt":{"rendered":"<p>[vc_row][vc_column width=&#8221;2\/3&#8243;][vc_column_text]Wir\u00a0f\u00fchren\u00a0das Gesch\u00e4ft mit Ersatzteillen f\u00fcr Land Rover und Jaguar. Eine gro\u00dfe Auswahl an Originalteilen sowie Zubeh\u00f6r und Ersatz vor Ort verf\u00fcgbar. Wir erf\u00fcllen Auftr\u00e4ge f\u00fcr Teile, die wir nicht vor Ort haben. Wir haben ein originelles Programm f\u00fcr den JLR EPC Teil. Wir verkaufen Ersatzteile f\u00fcr alle Marken. Wir bieten Originalteile und Ersatz. F\u00fcr<\/p>\n","protected":false},"author":1,"featured_media":0,"parent":0,"menu_order":0,"comment_status":"closed","ping_status":"closed","template":"","meta":[],"_links":{"self":[{"href":"https:\/\/www.autoars.pl\/de\/wp-json\/wp\/v2\/pages\/881"}],"collection":[{"href":"https:\/\/www.autoars.pl\/de\/wp-json\/wp\/v2\/pages"}],"about":[{"href":"https:\/\/www.autoars.pl\/de\/wp-json\/wp\/v2\/types\/page"}],"author":[{"embeddable":true,"href":"https:\/\/www.autoars.pl\/de\/wp-json\/wp\/v2\/users\/1"}],"replies":[{"embeddable":true,"href":"https:\/\/www.autoars.pl\/de\/wp-json\/wp\/v2\/comments?post=881"}],"version-history":[{"count":9,"href":"https:\/\/www.autoars.pl\/de\/wp-json\/wp\/v2\/pages\/881\/revisions"}],"predecessor-version":[{"id":1026,"href":"https:\/\/www.autoars.pl\/de\/wp-json\/wp\/v2\/pages\/881\/revisions\/1026"}],"wp:attachment":[{"href":"https:\/\/www.autoars.pl\/de\/wp-json\/wp\/v2\/media?parent=881"}],"curies":[{"name":"wp","href":"https:\/\/api.w.org\/{rel}","templated":true}]}}