{"id":1031,"date":"2018-03-30T20:13:55","date_gmt":"2018-03-30T18:13:55","guid":{"rendered":"https:\/\/www.autoars.pl\/?page_id=1031"},"modified":"2025-01-25T18:34:22","modified_gmt":"2025-01-25T17:34:22","slug":"serwis-samochodow-marki-porsche-szczecin","status":"publish","type":"page","link":"https:\/\/www.autoars.pl\/en\/serwis-samochodow-marki-porsche-szczecin\/","title":{"rendered":"Serwis samochod\u00f3w marki Porsche"},"content":{"rendered":"Our offer&#8221; href=&#8221;https:\/\/www.autoars.pl\/serwis\/&#8221;>serwisu<\/a>.<\/p>\n<a href=\"\/kontakt\/\" class=\"su-button su-button-style-flat\" style=\"color:#FFFFFF;background-color:#fb4848;border-color:#c93a3a;border-radius:5px;-moz-border-radius:5px;-webkit-border-radius:5px\" target=\"_self\"><span style=\"color:#FFFFFF;padding:0px 16px;font-size:13px;line-height:26px;border-color:#fd7f7f;border-radius:5px;-moz-border-radius:5px;-webkit-border-radius:5px;text-shadow:none;-moz-text-shadow:none;-webkit-text-shadow:none\"> Skontaktuj si\u0119 z serwisem!<\/span><\/a>[\/vc_column_text][\/vc_column][vc_column width=&#8221;1\/2&#8243;][vc_empty_space][vc_single_image image=&#8221;1623&#8243; img_size=&#8221;large&#8221;][vc_empty_space][\/vc_column][\/vc_row][vc_row][vc_column][vc_empty_space]   \r\n   \r\n<!--Featured Services-->\r\n    <section class=\"featured-services column-view\">\r\n\t\t<div class=\"auto-container\">\r\n            \r\n            <div class=\"sec-title\">\r\n                <h3>Przyk\u0142adowe realizacje<\/h3>\r\n            <\/div>\r\n                        \r\n        \t<div class=\"row clearfix\">\r\n            \t\r\n                                \r\n                <article class=\"col-md-4 col-sm-6 col-xs-12 column-box wow fadeInRight\" data-wow-delay=\"0ms\" data-wow-duration=\"1000ms\">\r\n                \t<div class=\"inner-box\">\r\n                    \t<figure class=\"image\">\r\n                        \t<a href=\"https:\/\/www.autoars.pl\/en\/services\/serwis-hamulcow-w-porsche-carrera\/\"><img width=\"369\" height=\"230\" src=\"https:\/\/www.autoars.pl\/wp-content\/uploads\/2020\/09\/porsche-carrera-911-serwis-hamulcow-auto-ars-369x230.jpg\" class=\"attachment-carshire1 size-carshire1 wp-post-image\" alt=\"Serwis hamulc\u00f3w w\u0119glowo-ceramicznych w Porche Carrera 911. Wymiana klock\u00f3w w Auto Ars\" loading=\"lazy\" srcset=\"https:\/\/www.autoars.pl\/wp-content\/uploads\/2020\/09\/porsche-carrera-911-serwis-hamulcow-auto-ars-369x230.jpg 369w, https:\/\/www.autoars.pl\/wp-content\/uploads\/2020\/09\/porsche-carrera-911-serwis-hamulcow-auto-ars-268x167.jpg 268w\" sizes=\"(max-width: 369px) 100vw, 369px\" \/><\/a>\r\n                            <figcaption class=\"price\"><sup>$<\/sup><\/figcaption>\r\n                        <\/figure>\r\n                        <div class=\"post-content clearfix\">\r\n                        \t<h3 class=\"skew-lines\">Replacement of brake pads in Porsche Carrera 911<\/h3>\r\n                            <div class=\"text-center\"><!--<a href=\"\" class=\"theme-btn btn-style-one\"><span class=\"fa fa-angle-right\"><\/span>GET A QUOTE<\/a>--> <a href=\"https:\/\/www.autoars.pl\/en\/services\/serwis-hamulcow-w-porsche-carrera\/\" class=\"theme-btn dark-btn\">Read more<\/a><\/div>\r\n                        <\/div>\r\n                        \r\n                        <div class=\"overlay-box\">\r\n                        \t<h3 class=\"skew-lines\"><\/h3>\r\n                            <div class=\"text\">\r\n                            \t<p> ...<\/p>\r\n                                <br>\r\n                                <a href=\"https:\/\/www.autoars.pl\/en\/services\/serwis-hamulcow-w-porsche-carrera\/\" class=\"theme-btn dark-btn style-two\"><span class=\"fa fa-angle-right\"><\/span> GET A QUOTE<\/a>\r\n                            <\/div>\r\n                        <\/div>\r\n                        \r\n                    <\/div>\r\n                <\/article>\r\n                \r\n                                \r\n                <article class=\"col-md-4 col-sm-6 col-xs-12 column-box wow fadeInRight\" data-wow-delay=\"0ms\" data-wow-duration=\"1000ms\">\r\n                \t<div class=\"inner-box\">\r\n                    \t<figure class=\"image\">\r\n                        \t<a href=\"https:\/\/www.autoars.pl\/en\/services\/porsche-cayenne-diagnostyka\/\"><img width=\"369\" height=\"230\" src=\"https:\/\/www.autoars.pl\/wp-content\/uploads\/2018\/01\/autologic-assistplus-369x230.jpg\" class=\"attachment-carshire1 size-carshire1 wp-post-image\" alt=\"Autologic AssistPlus - urz\u0105dzenie diagnostyczne w Auto Ars\" loading=\"lazy\" srcset=\"https:\/\/www.autoars.pl\/wp-content\/uploads\/2018\/01\/autologic-assistplus-369x230.jpg 369w, https:\/\/www.autoars.pl\/wp-content\/uploads\/2018\/01\/autologic-assistplus-268x167.jpg 268w\" sizes=\"(max-width: 369px) 100vw, 369px\" \/><\/a>\r\n                            <figcaption class=\"price\"><sup>$<\/sup><\/figcaption>\r\n                        <\/figure>\r\n                        <div class=\"post-content clearfix\">\r\n                        \t<h3 class=\"skew-lines\">Porsche Cayenne: diagnostics using Autologic AssistPlus<\/h3>\r\n                            <div class=\"text-center\"><!--<a href=\"\" class=\"theme-btn btn-style-one\"><span class=\"fa fa-angle-right\"><\/span>GET A QUOTE<\/a>--> <a href=\"https:\/\/www.autoars.pl\/en\/services\/porsche-cayenne-diagnostyka\/\" class=\"theme-btn dark-btn\">Read more<\/a><\/div>\r\n                        <\/div>\r\n                        \r\n                        <div class=\"overlay-box\">\r\n                        \t<h3 class=\"skew-lines\"><\/h3>\r\n                            <div class=\"text\">\r\n                            \t<p> ...<\/p>\r\n                                <br>\r\n                                <a href=\"https:\/\/www.autoars.pl\/en\/services\/porsche-cayenne-diagnostyka\/\" class=\"theme-btn dark-btn style-two\"><span class=\"fa fa-angle-right\"><\/span> GET A QUOTE<\/a>\r\n                            <\/div>\r\n                        <\/div>\r\n                        \r\n                    <\/div>\r\n                <\/article>\r\n                \r\n                                \r\n            <\/div>\r\n            \r\n        <\/div>    \r\n    <\/section>\r\n[vc_empty_space][\/vc_column][\/vc_row]","protected":false},"excerpt":{"rendered":"<p>Our offer&#8221; href=&#8221;https:\/\/www.autoars.pl\/serwis\/&#8221;>serwisu. [\/vc_column_text][\/vc_column][vc_column width=&#8221;1\/2&#8243;][vc_empty_space][vc_single_image image=&#8221;1623&#8243; img_size=&#8221;large&#8221;][vc_empty_space][\/vc_column][\/vc_row][vc_row][vc_column][vc_empty_space][vc_empty_space][\/vc_column][\/vc_row]<\/p>\n","protected":false},"author":1,"featured_media":0,"parent":0,"menu_order":0,"comment_status":"closed","ping_status":"closed","template":"","meta":[],"_links":{"self":[{"href":"https:\/\/www.autoars.pl\/en\/wp-json\/wp\/v2\/pages\/1031"}],"collection":[{"href":"https:\/\/www.autoars.pl\/en\/wp-json\/wp\/v2\/pages"}],"about":[{"href":"https:\/\/www.autoars.pl\/en\/wp-json\/wp\/v2\/types\/page"}],"author":[{"embeddable":true,"href":"https:\/\/www.autoars.pl\/en\/wp-json\/wp\/v2\/users\/1"}],"replies":[{"embeddable":true,"href":"https:\/\/www.autoars.pl\/en\/wp-json\/wp\/v2\/comments?post=1031"}],"version-history":[{"count":5,"href":"https:\/\/www.autoars.pl\/en\/wp-json\/wp\/v2\/pages\/1031\/revisions"}],"predecessor-version":[{"id":1673,"href":"https:\/\/www.autoars.pl\/en\/wp-json\/wp\/v2\/pages\/1031\/revisions\/1673"}],"wp:attachment":[{"href":"https:\/\/www.autoars.pl\/en\/wp-json\/wp\/v2\/media?parent=1031"}],"curies":[{"name":"wp","href":"https:\/\/api.w.org\/{rel}","templated":true}]}}